{"id":25,"date":"2023-01-10T18:59:40","date_gmt":"2023-01-10T17:59:40","guid":{"rendered":"https:\/\/www.d-tekt.net\/index.php\/our-story\/"},"modified":"2023-01-15T22:40:13","modified_gmt":"2023-01-15T21:40:13","slug":"our-story","status":"publish","type":"page","link":"https:\/\/www.d-tekt.net\/index.php\/our-story\/","title":{"rendered":"Our Story"},"content":{"rendered":"\t\t<div data-elementor-type=\"wp-page\" data-elementor-id=\"25\" class=\"elementor elementor-25\">\n\t\t\t\t\t\t\t\t\t<section class=\"elementor-section elementor-top-section elementor-element elementor-element-c158b34 elementor-section-boxed elementor-section-height-default elementor-section-height-default\" data-id=\"c158b34\" data-element_type=\"section\">\n\t\t\t\t\t\t<div class=\"elementor-container elementor-column-gap-default\">\n\t\t\t\t\t<div class=\"elementor-column elementor-col-100 elementor-top-column elementor-element elementor-element-6935706\" data-id=\"6935706\" data-element_type=\"column\">\n\t\t\t<div class=\"elementor-widget-wrap elementor-element-populated\">\n\t\t\t\t\t\t\t\t<div class=\"elementor-element elementor-element-789e5d2 elementor-widget elementor-widget-heading\" data-id=\"789e5d2\" data-element_type=\"widget\" data-widget_type=\"heading.default\">\n\t\t\t\t<div class=\"elementor-widget-container\">\n\t\t\t<style>\/*! elementor - v3.10.0 - 09-01-2023 *\/\n.elementor-heading-title{padding:0;margin:0;line-height:1}.elementor-widget-heading .elementor-heading-title[class*=elementor-size-]>a{color:inherit;font-size:inherit;line-height:inherit}.elementor-widget-heading .elementor-heading-title.elementor-size-small{font-size:15px}.elementor-widget-heading .elementor-heading-title.elementor-size-medium{font-size:19px}.elementor-widget-heading .elementor-heading-title.elementor-size-large{font-size:29px}.elementor-widget-heading .elementor-heading-title.elementor-size-xl{font-size:39px}.elementor-widget-heading .elementor-heading-title.elementor-size-xxl{font-size:59px}<\/style><h2 class=\"elementor-heading-title elementor-size-default\">QUI SOMMES NOUS ?<\/h2>\t\t<\/div>\n\t\t\t\t<\/div>\n\t\t\t\t\t<\/div>\n\t\t<\/div>\n\t\t\t\t\t\t\t<\/div>\n\t\t<\/section>\n\t\t\t\t<section class=\"elementor-section elementor-top-section elementor-element elementor-element-6ba021a elementor-section-boxed elementor-section-height-default elementor-section-height-default\" data-id=\"6ba021a\" data-element_type=\"section\">\n\t\t\t\t\t\t<div class=\"elementor-container elementor-column-gap-default\">\n\t\t\t\t\t<div class=\"elementor-column elementor-col-50 elementor-top-column elementor-element elementor-element-4131edf\" data-id=\"4131edf\" data-element_type=\"column\">\n\t\t\t<div class=\"elementor-widget-wrap elementor-element-populated\">\n\t\t\t\t\t\t\t\t<div class=\"elementor-element elementor-element-7728cdb elementor-widget elementor-widget-image\" data-id=\"7728cdb\" data-element_type=\"widget\" data-widget_type=\"image.default\">\n\t\t\t\t<div class=\"elementor-widget-container\">\n\t\t\t<style>\/*! elementor - v3.10.0 - 09-01-2023 *\/\n.elementor-widget-image{text-align:center}.elementor-widget-image a{display:inline-block}.elementor-widget-image a img[src$=\".svg\"]{width:48px}.elementor-widget-image img{vertical-align:middle;display:inline-block}<\/style>\t\t\t\t\t\t\t\t\t\t\t\t<img loading=\"lazy\" decoding=\"async\" width=\"576\" height=\"518\" src=\"https:\/\/www.d-tekt.net\/wp-content\/uploads\/2023\/01\/Capture-decran-2023-01-15-a-20.15.05.png\" class=\"attachment-large size-large wp-image-162\" alt=\"\" srcset=\"https:\/\/www.d-tekt.net\/wp-content\/uploads\/2023\/01\/Capture-decran-2023-01-15-a-20.15.05.png 576w, https:\/\/www.d-tekt.net\/wp-content\/uploads\/2023\/01\/Capture-decran-2023-01-15-a-20.15.05-300x270.png 300w\" sizes=\"auto, (max-width: 576px) 100vw, 576px\" \/>\t\t\t\t\t\t\t\t\t\t\t\t\t\t\t<\/div>\n\t\t\t\t<\/div>\n\t\t\t\t\t<\/div>\n\t\t<\/div>\n\t\t\t\t<div class=\"elementor-column elementor-col-50 elementor-top-column elementor-element elementor-element-b18c441\" data-id=\"b18c441\" data-element_type=\"column\">\n\t\t\t<div class=\"elementor-widget-wrap elementor-element-populated\">\n\t\t\t\t\t\t\t\t<div class=\"elementor-element elementor-element-35a9bc5 elementor-widget elementor-widget-text-editor\" data-id=\"35a9bc5\" data-element_type=\"widget\" data-widget_type=\"text-editor.default\">\n\t\t\t\t<div class=\"elementor-widget-container\">\n\t\t\t<style>\/*! elementor - v3.10.0 - 09-01-2023 *\/\n.elementor-widget-text-editor.elementor-drop-cap-view-stacked .elementor-drop-cap{background-color:#818a91;color:#fff}.elementor-widget-text-editor.elementor-drop-cap-view-framed .elementor-drop-cap{color:#818a91;border:3px solid;background-color:transparent}.elementor-widget-text-editor:not(.elementor-drop-cap-view-default) .elementor-drop-cap{margin-top:8px}.elementor-widget-text-editor:not(.elementor-drop-cap-view-default) .elementor-drop-cap-letter{width:1em;height:1em}.elementor-widget-text-editor .elementor-drop-cap{float:left;text-align:center;line-height:1;font-size:50px}.elementor-widget-text-editor .elementor-drop-cap-letter{display:inline-block}<\/style>\t\t\t\t<p style=\"caret-color: #000000; color: #000000; line-height: 19.200000762939453px; margin-top: 0pt; margin-bottom: 0pt; margin-left: 0in; text-align: justify; direction: ltr; unicode-bidi: embed; word-break: normal;\">\u00a0<\/p><p style=\"caret-color: #000000; color: #000000; line-height: 19.200000762939453px; margin-top: 0pt; margin-bottom: 0pt; margin-left: 0in; text-align: justify; direction: ltr; unicode-bidi: embed; word-break: normal;\"><span style=\"color: #000080;\"><strong><span style=\"font-size: 12pt; font-family: Arial; font-variant-ligatures: normal; font-variant-east-asian: normal; font-variant-position: normal;\">DAVID LACOMBE &#8211; CEO<\/span><\/strong><\/span><\/p><p style=\"caret-color: #000000; color: #000000; line-height: 19.200000762939453px; margin-top: 0pt; margin-bottom: 0pt; margin-left: 0in; text-align: justify; direction: ltr; unicode-bidi: embed; word-break: normal;\"><span style=\"font-size: 12pt; font-family: Arial; font-variant-ligatures: normal; font-variant-east-asian: normal; font-variant-position: normal;\">\u00a0<\/span><\/p><p style=\"caret-color: #000000; color: #000000; line-height: 19.200000762939453px; margin-top: 0pt; margin-bottom: 0pt; margin-left: 0in; text-align: justify; direction: ltr; unicode-bidi: embed; word-break: normal;\"><span style=\"font-family: Arial; font-size: 12pt; font-style: var( --e-global-typography-text-font-style ); letter-spacing: var( --e-global-typography-text-letter-spacing ); text-transform: var( --e-global-typography-text-text-transform ); text-decoration: var( --e-global-typography-text-text-decoration ); background-color: var( --e-global-color-c696dce );\">43 ans, Master 2 de droit des affaires, Ecole de Formation des Avocats de Paris, MBA \u00e0 l\u2019I.A.E. de Paris, ancien Administrateur Judiciaire. Il est le fondateur de LA CLINIQUE DE LA CRISE, r\u00e9seau de mandataires ad hoc et de conciliateurs<\/span><\/p>\t\t\t\t\t\t<\/div>\n\t\t\t\t<\/div>\n\t\t\t\t\t<\/div>\n\t\t<\/div>\n\t\t\t\t\t\t\t<\/div>\n\t\t<\/section>\n\t\t\t\t<section class=\"elementor-section elementor-top-section elementor-element elementor-element-8977155 elementor-section-boxed elementor-section-height-default elementor-section-height-default\" data-id=\"8977155\" data-element_type=\"section\">\n\t\t\t\t\t\t<div class=\"elementor-container elementor-column-gap-default\">\n\t\t\t\t\t<div class=\"elementor-column elementor-col-50 elementor-top-column elementor-element elementor-element-7a8eb3f\" data-id=\"7a8eb3f\" data-element_type=\"column\">\n\t\t\t<div class=\"elementor-widget-wrap elementor-element-populated\">\n\t\t\t\t\t\t\t\t<div class=\"elementor-element elementor-element-d55f4c5 elementor-widget elementor-widget-image\" data-id=\"d55f4c5\" data-element_type=\"widget\" data-widget_type=\"image.default\">\n\t\t\t\t<div class=\"elementor-widget-container\">\n\t\t\t\t\t\t\t\t\t\t\t\t\t\t\t<img loading=\"lazy\" decoding=\"async\" width=\"548\" height=\"538\" src=\"https:\/\/www.d-tekt.net\/wp-content\/uploads\/2023\/01\/Capture-decran-2023-01-15-a-20.22.19.png\" class=\"attachment-large size-large wp-image-163\" alt=\"\" srcset=\"https:\/\/www.d-tekt.net\/wp-content\/uploads\/2023\/01\/Capture-decran-2023-01-15-a-20.22.19.png 548w, https:\/\/www.d-tekt.net\/wp-content\/uploads\/2023\/01\/Capture-decran-2023-01-15-a-20.22.19-300x295.png 300w\" sizes=\"auto, (max-width: 548px) 100vw, 548px\" \/>\t\t\t\t\t\t\t\t\t\t\t\t\t\t\t<\/div>\n\t\t\t\t<\/div>\n\t\t\t\t\t<\/div>\n\t\t<\/div>\n\t\t\t\t<div class=\"elementor-column elementor-col-50 elementor-top-column elementor-element elementor-element-cf675fd\" data-id=\"cf675fd\" data-element_type=\"column\">\n\t\t\t<div class=\"elementor-widget-wrap elementor-element-populated\">\n\t\t\t\t\t\t\t\t<div class=\"elementor-element elementor-element-fbc896d elementor-widget elementor-widget-text-editor\" data-id=\"fbc896d\" data-element_type=\"widget\" data-widget_type=\"text-editor.default\">\n\t\t\t\t<div class=\"elementor-widget-container\">\n\t\t\t\t\t\t\t<p style=\"caret-color: #000000; color: #000000; text-indent: 0in; line-height: 19.200000762939453px; margin: 0pt 0in; text-align: justify; direction: ltr; unicode-bidi: embed; word-break: normal;\"><span style=\"font-size: 12pt; font-family: Arial; font-variant-ligatures: normal; font-variant-east-asian: normal; font-variant-position: normal;\">\u00a0<\/span><\/p><p style=\"caret-color: #000000; color: #000000; text-indent: 0in; line-height: 19.200000762939453px; margin: 0pt 0in; text-align: justify; direction: ltr; unicode-bidi: embed; word-break: normal;\"><span style=\"font-size: 12pt; font-family: Arial; font-variant-ligatures: normal; font-variant-east-asian: normal; font-variant-position: normal;\">\u00a0<\/span><\/p><p style=\"caret-color: #000000; color: #000000; text-indent: 0in; line-height: 19.200000762939453px; margin: 0pt 0in; text-align: justify; direction: ltr; unicode-bidi: embed; word-break: normal;\"><span style=\"color: #000080;\"><strong><span style=\"font-size: 12pt; font-family: Arial; font-variant-ligatures: normal; font-variant-east-asian: normal; font-variant-position: normal;\">ETIENNE T\u00c9QUI &#8211; VP SALES\u00a0<\/span><\/strong><\/span><\/p><p style=\"caret-color: #000000; color: #000000; text-indent: 0in; line-height: 19.200000762939453px; margin: 0pt 0in; text-align: justify; direction: ltr; unicode-bidi: embed; word-break: normal;\"><span style=\"font-size: 12pt; font-family: Arial; font-variant-ligatures: normal; font-variant-east-asian: normal; font-variant-position: normal;\">\u00a0<\/span><\/p><p style=\"caret-color: #000000; color: #000000; text-indent: 0in; line-height: 19.200000762939453px; margin: 0pt 0in; text-align: justify; direction: ltr; unicode-bidi: embed; word-break: normal;\"><span style=\"font-size: 12pt; font-family: Arial; font-variant-ligatures: normal; font-variant-east-asian: normal; font-variant-position: normal;\">50<\/span><span style=\"font-size: 12pt; font-family: Calibri; color: #7f7f7f;\">\u00a0<\/span><span style=\"font-size: 12pt; font-family: Arial; font-variant-ligatures: normal; font-variant-east-asian: normal; font-variant-position: normal;\">ans, Maitrise de droit priv\u00e9 g\u00e9n\u00e9ral Paris II Assas, DEA de strat\u00e9gie de l\u2019entreprise Paris II\/ESCP, Apr\u00e8s \u00eatre pass\u00e9 chez Arthur Andersen (conseil en BFR\/Tr\u00e9so), Dell (cr\u00e9dit management Europe du Sud), Mazars (cr\u00e9ation de l\u2019activit\u00e9 de conseil en BFR) et\u00a0\u00a0Lowendal Masa\u00ef, il fonde et dirige aujourd\u2019hui TAIGA, un \u00e9diteur de logiciels de pr\u00e9visions de tr\u00e9sorerie, recouvrement de cr\u00e9ances et gestion des engagements hors bilan<\/span><\/p>\t\t\t\t\t\t<\/div>\n\t\t\t\t<\/div>\n\t\t\t\t\t<\/div>\n\t\t<\/div>\n\t\t\t\t\t\t\t<\/div>\n\t\t<\/section>\n\t\t\t\t<section class=\"elementor-section elementor-top-section elementor-element elementor-element-ad9be2c elementor-section-boxed elementor-section-height-default elementor-section-height-default\" data-id=\"ad9be2c\" data-element_type=\"section\">\n\t\t\t\t\t\t<div class=\"elementor-container elementor-column-gap-default\">\n\t\t\t\t\t<div class=\"elementor-column elementor-col-50 elementor-top-column elementor-element elementor-element-036d9cf\" data-id=\"036d9cf\" data-element_type=\"column\">\n\t\t\t<div class=\"elementor-widget-wrap elementor-element-populated\">\n\t\t\t\t\t\t\t\t<div class=\"elementor-element elementor-element-6c2cc10 elementor-widget elementor-widget-image\" data-id=\"6c2cc10\" data-element_type=\"widget\" data-widget_type=\"image.default\">\n\t\t\t\t<div class=\"elementor-widget-container\">\n\t\t\t\t\t\t\t\t\t\t\t\t\t\t\t<img loading=\"lazy\" decoding=\"async\" width=\"466\" height=\"398\" src=\"https:\/\/www.d-tekt.net\/wp-content\/uploads\/2023\/01\/Capture-decran-2023-01-15-a-20.24.04.png\" class=\"attachment-large size-large wp-image-164\" alt=\"\" srcset=\"https:\/\/www.d-tekt.net\/wp-content\/uploads\/2023\/01\/Capture-decran-2023-01-15-a-20.24.04.png 466w, https:\/\/www.d-tekt.net\/wp-content\/uploads\/2023\/01\/Capture-decran-2023-01-15-a-20.24.04-300x256.png 300w\" sizes=\"auto, (max-width: 466px) 100vw, 466px\" \/>\t\t\t\t\t\t\t\t\t\t\t\t\t\t\t<\/div>\n\t\t\t\t<\/div>\n\t\t\t\t\t<\/div>\n\t\t<\/div>\n\t\t\t\t<div class=\"elementor-column elementor-col-50 elementor-top-column elementor-element elementor-element-b30501f\" data-id=\"b30501f\" data-element_type=\"column\">\n\t\t\t<div class=\"elementor-widget-wrap elementor-element-populated\">\n\t\t\t\t\t\t\t\t<div class=\"elementor-element elementor-element-e40fd37 elementor-widget elementor-widget-text-editor\" data-id=\"e40fd37\" data-element_type=\"widget\" data-widget_type=\"text-editor.default\">\n\t\t\t\t<div class=\"elementor-widget-container\">\n\t\t\t\t\t\t\t<p style=\"caret-color: #000000; color: #000000; text-indent: 0in; line-height: 19.200000762939453px; margin: 0pt 0in; text-align: justify; direction: ltr; unicode-bidi: embed; word-break: normal;\"><span style=\"font-size: 12pt; font-family: Arial; font-variant-ligatures: normal; font-variant-east-asian: normal; font-variant-position: normal;\">\u00a0<\/span><\/p><p style=\"caret-color: #000000; color: #000000; text-indent: 0in; line-height: 19.200000762939453px; margin: 0pt 0in; text-align: justify; direction: ltr; unicode-bidi: embed; word-break: normal;\"><span style=\"font-size: 12pt; font-family: Arial; font-variant-ligatures: normal; font-variant-east-asian: normal; font-variant-position: normal;\">\u00a0<\/span><\/p><p style=\"caret-color: #000000; color: #000000; text-indent: 0in; line-height: 19.200000762939453px; margin: 0pt 0in; text-align: justify; direction: ltr; unicode-bidi: embed; word-break: normal;\"><span style=\"color: #000080;\"><strong><span style=\"font-size: 12pt; font-family: Arial; font-variant-ligatures: normal; font-variant-east-asian: normal; font-variant-position: normal;\">PAUL MACHUREY &#8211; CTO\u00a0<\/span><\/strong><\/span><\/p><p style=\"caret-color: #000000; color: #000000; text-indent: 0in; line-height: 19.200000762939453px; margin: 0pt 0in; text-align: justify; direction: ltr; unicode-bidi: embed; word-break: normal;\"><span style=\"text-indent: 0in; font-size: 12pt; font-style: var( --e-global-typography-text-font-style ); letter-spacing: var( --e-global-typography-text-letter-spacing ); text-transform: var( --e-global-typography-text-text-transform ); text-decoration: var( --e-global-typography-text-text-decoration ); font-family: Arial; font-variant-ligatures: normal; font-variant-east-asian: normal; font-variant-position: normal;\">\u00a0<\/span><\/p><p style=\"caret-color: #000000; color: #000000; text-indent: 0in; line-height: 19.200000762939453px; margin: 0pt 0in; text-align: justify; direction: ltr; unicode-bidi: embed; word-break: normal;\"><span style=\"text-indent: 0in; font-size: 12pt; font-style: var( --e-global-typography-text-font-style ); letter-spacing: var( --e-global-typography-text-letter-spacing ); text-transform: var( --e-global-typography-text-text-transform ); text-decoration: var( --e-global-typography-text-text-decoration ); font-family: Arial; font-variant-ligatures: normal; font-variant-east-asian: normal; font-variant-position: normal;\">32 ans, Ing\u00e9nieur Informatique sp\u00e9cialit\u00e9 R\u00e9seau et Syst\u00e8mes R\u00e9partis dipl\u00f4m\u00e9 de l&rsquo;ENSEIRB (Bordeaux), sp\u00e9cialiste en d\u00e9veloppement web et logiciel SaaS, cofondateur de\u00a0<\/span><span style=\"text-indent: 0in; font-size: 12pt; font-style: var( --e-global-typography-text-font-style ); letter-spacing: var( --e-global-typography-text-letter-spacing ); text-transform: var( --e-global-typography-text-text-transform ); text-decoration: var( --e-global-typography-text-text-decoration ); font-family: Arial; font-variant-ligatures: normal; font-variant-east-asian: normal; font-variant-position: normal;\">WineSpace<\/span><span style=\"text-indent: 0in; font-size: 12pt; font-style: var( --e-global-typography-text-font-style ); letter-spacing: var( --e-global-typography-text-letter-spacing ); text-transform: var( --e-global-typography-text-text-transform ); text-decoration: var( --e-global-typography-text-text-decoration ); font-family: Arial; font-variant-ligatures: normal; font-variant-east-asian: normal; font-variant-position: normal;\">\u00a0(IA dans la recommandation de vin) et\u00a0<\/span><span style=\"text-indent: 0in; font-size: 12pt; font-style: var( --e-global-typography-text-font-style ); letter-spacing: var( --e-global-typography-text-letter-spacing ); text-transform: var( --e-global-typography-text-text-transform ); text-decoration: var( --e-global-typography-text-text-decoration ); font-family: Arial; font-variant-ligatures: normal; font-variant-east-asian: normal; font-variant-position: normal;\">AssistEU<\/span><span style=\"text-indent: 0in; font-size: 12pt; font-style: var( --e-global-typography-text-font-style ); letter-spacing: var( --e-global-typography-text-letter-spacing ); text-transform: var( --e-global-typography-text-text-transform ); text-decoration: var( --e-global-typography-text-text-decoration ); font-family: Arial; font-variant-ligatures: normal; font-variant-east-asian: normal; font-variant-position: normal;\">\u00a0(plateforme de recherche sur l&rsquo;activit\u00e9 du parlement Europ\u00e9en). Il est le CTO de TAIGA un \u00e9diteur de logiciels de pr\u00e9visions de tr\u00e9sorerie, recouvrement de cr\u00e9ances et gestion des engagements hors bilan<\/span><\/p>\t\t\t\t\t\t<\/div>\n\t\t\t\t<\/div>\n\t\t\t\t\t<\/div>\n\t\t<\/div>\n\t\t\t\t\t\t\t<\/div>\n\t\t<\/section>\n\t\t\t\t\t\t\t<\/div>\n\t\t","protected":false},"excerpt":{"rendered":"<p>QUI SOMMES NOUS ? \u00a0 DAVID LACOMBE &#8211; CEO \u00a0 43 ans, Master 2 de droit des affaires, Ecole de Formation des Avocats de Paris, MBA \u00e0 l\u2019I.A.E. de Paris, ancien Administrateur Judiciaire. Il est le fondateur de LA CLINIQUE DE LA CRISE, r\u00e9seau de mandataires ad hoc et de conciliateurs \u00a0 \u00a0 ETIENNE T\u00c9QUI [&hellip;]<\/p>\n","protected":false},"author":1,"featured_media":0,"parent":0,"menu_order":0,"comment_status":"closed","ping_status":"closed","template":"elementor_header_footer","meta":{"footnotes":""},"class_list":["post-25","page","type-page","status-publish","hentry"],"_links":{"self":[{"href":"https:\/\/www.d-tekt.net\/index.php\/wp-json\/wp\/v2\/pages\/25","targetHints":{"allow":["GET"]}}],"collection":[{"href":"https:\/\/www.d-tekt.net\/index.php\/wp-json\/wp\/v2\/pages"}],"about":[{"href":"https:\/\/www.d-tekt.net\/index.php\/wp-json\/wp\/v2\/types\/page"}],"author":[{"embeddable":true,"href":"https:\/\/www.d-tekt.net\/index.php\/wp-json\/wp\/v2\/users\/1"}],"replies":[{"embeddable":true,"href":"https:\/\/www.d-tekt.net\/index.php\/wp-json\/wp\/v2\/comments?post=25"}],"version-history":[{"count":12,"href":"https:\/\/www.d-tekt.net\/index.php\/wp-json\/wp\/v2\/pages\/25\/revisions"}],"predecessor-version":[{"id":258,"href":"https:\/\/www.d-tekt.net\/index.php\/wp-json\/wp\/v2\/pages\/25\/revisions\/258"}],"wp:attachment":[{"href":"https:\/\/www.d-tekt.net\/index.php\/wp-json\/wp\/v2\/media?parent=25"}],"curies":[{"name":"wp","href":"https:\/\/api.w.org\/{rel}","templated":true}]}}